{"id":241,"date":"2018-05-18T14:16:13","date_gmt":"2018-05-18T14:16:13","guid":{"rendered":"http:\/\/centar2.com\/kako-do-nas\/"},"modified":"2023-07-18T07:12:26","modified_gmt":"2023-07-18T07:12:26","slug":"how-to-reach-us","status":"publish","type":"page","link":"https:\/\/centar2.com\/en\/how-to-reach-us\/","title":{"rendered":"How to reach us?"},"content":{"rendered":"<section class=\"wpb-content-wrapper\"><p>[vc_row full_width=&#8221;stretch_row_content_no_spaces&#8221; kswr_row_top_decor_enabled=&#8221;false&#8221; kswr_row_bottom_decor_enabled=&#8221;false&#8221; el_class=&#8221;donji&#8221; css=&#8221;.vc_custom_1689664328452{margin-top: 0px !important;margin-bottom: 0px !important;border-top-width: 0px !important;border-bottom-width: 0px !important;padding-top: 0px !important;padding-bottom: 0px !important;}&#8221;][vc_column css=&#8221;.vc_custom_1689664335282{margin-top: 0px !important;margin-bottom: 0px !important;border-top-width: 0px !important;border-bottom-width: 0px !important;padding-top: 0px !important;padding-bottom: 0px !important;}&#8221;][vc_gmaps link=&#8221;#E-8_JTNDaWZyYW1lJTIwc3JjJTNEJTIyaHR0cHMlM0ElMkYlMkZ3d3cuZ29vZ2xlLmNvbSUyRm1hcHMlMkZlbWJlZCUzRnBiJTNEJTIxMW0xOCUyMTFtMTIlMjExbTMlMjExZDI3ODEuMDQ3ODE4MDk4OTc5JTIxMmQxNS45NzI1NTYxMTYyMjY1MyUyMTNkNDUuODEwMzAwNzE4MzAyMDglMjEybTMlMjExZjAlMjEyZjAlMjEzZjAlMjEzbTIlMjExaTEwMjQlMjEyaTc2OCUyMTRmMTMuMSUyMTNtMyUyMTFtMiUyMTFzMHg0NzY1ZDZmYzczZTQ3ZDBmJTI1M0EweDY1ZmFlZTIzYmU2OWI3ZTAlMjEyc0d1ZXN0aG91c2UlMjUyMENlbnRhciUyNTIwMiUyMTVlMCUyMTNtMiUyMTFzaHIlMjEyc2hyJTIxNHYxNjUzMzc5MDQwODgzJTIxNW0yJTIxMXNociUyMTJzaHIlMjIlMjB3aWR0aCUzRCUyMjEwMCUyNSUyMiUyMGhlaWdodCUzRCUyMjQ1MCUyMiUyMHN0eWxlJTNEJTIyYm9yZGVyJTNBMCUzQiUyMiUyMGFsbG93ZnVsbHNjcmVlbiUzRCUyMiUyMiUyMGxvYWRpbmclM0QlMjJsYXp5JTIyJTIwcmVmZXJyZXJwb2xpY3klM0QlMjJuby1yZWZlcnJlci13aGVuLWRvd25ncmFkZSUyMiUzRSUzQyUyRmlmcmFtZSUzRQ==&#8221; size=&#8221;600&#8243; css=&#8221;.vc_custom_1689664343254{margin-top: 0px !important;margin-bottom: 0px !important;border-top-width: 0px !important;border-bottom-width: 0px !important;padding-top: 0px !important;padding-bottom: 0px !important;}&#8221;][\/vc_column][\/vc_row][vc_row full_width=&#8221;stretch_row&#8221; el_class=&#8221;gornji&#8221; kswr_row_top_decor_enabled=&#8221;false&#8221; kswr_row_bottom_decor_enabled=&#8221;false&#8221; css=&#8221;.vc_custom_1558711019696{margin-top: -50px !important;}&#8221;][vc_column width=&#8221;5\/12&#8243;][vc_row_inner][vc_column_inner el_class=&#8221;kontakt_home&#8221;][vc_custom_heading text=&#8221;Centar 2&#8243; font_container=&#8221;tag:h2|text_align:center|color:%23950000&#8243; use_theme_fonts=&#8221;yes&#8221; css=&#8221;.vc_custom_1566219736290{margin-bottom: 30px !important;border-bottom-width: 0px !important;padding-bottom: 0px !important;}&#8221;]<div class=\"kswr-ibi-container kswr-icon-thatc kswr-theelement\"  data-layout=\"iconleft\" data-icolayout=\"center\" data-hover=\"zoomin\" ><div class=\"kswr-ibi-icon-ct\" style=\"margin-top:0px;margin-left:0px;margin-right:0px;margin-bottom:0px;\"><div class=\"kswr-icon-container kswr-icon-thatc kswr-icon-thatc-g2qNDwSP\" data-hover-boxshadow=\"no\" data-rotation=\"false\" data-hover=\"zoomin\" style=\"--box-shadow-hover:unset;width:60px; height: 60px; line-height:60px;  border-radius: 0px; --hover-bg:transparent; \">\n\t\t\t\t<div class=\"kswr-icon-ic kswr-icon-ic-r kswr-icon-r\"><div class=\"kswr-icon-ic-svg\" style=\"width:45px; height:45px;\"><svg  viewBox=\"0 0 32 32\" fill=\"#c4d7e6\" style=\"color:#c4d7e6;\"><path d=\"M31.161 5.589q0.179 0.179 0.179 0.411t-0.179 0.411l-2.518 2.518q-0.5 0.5-1.214 0.5h-24q-0.464 0-0.804-0.339t-0.339-0.804v-4.571q0-0.464 0.339-0.804t0.804-0.339h10.286v-1.143q0-0.464 0.339-0.804t0.804-0.339h2.286q0.464 0 0.804 0.339t0.339 0.804v1.143h9.143q0.714 0 1.214 0.5zM13.714 22h4.571v9.143q0 0.464-0.339 0.804t-0.804 0.339h-2.286q-0.464 0-0.804-0.339t-0.339-0.804v-9.143zM28.571 14q0.464 0 0.804 0.339t0.339 0.804v4.571q0 0.464-0.339 0.804t-0.804 0.339h-24q-0.714 0-1.214-0.5l-2.518-2.518q-0.179-0.179-0.179-0.411t0.179-0.411l2.518-2.518q0.5-0.5 1.214-0.5h9.143v-3.429h4.571v3.429h10.286z\"><\/path><\/svg><\/div><\/div>\n\t\t\t\t<div class=\"kswr-icon-ic kswr-icon-ic-h kswr-icon-h\"><div class=\"kswr-icon-ic-svg\" style=\"width:45px; height:45px;\"><svg  viewBox=\"0 0 32 32\" fill=\"#8fa0af\" style=\"color:#8fa0af;\"><path d=\"M31.161 5.589q0.179 0.179 0.179 0.411t-0.179 0.411l-2.518 2.518q-0.5 0.5-1.214 0.5h-24q-0.464 0-0.804-0.339t-0.339-0.804v-4.571q0-0.464 0.339-0.804t0.804-0.339h10.286v-1.143q0-0.464 0.339-0.804t0.804-0.339h2.286q0.464 0 0.804 0.339t0.339 0.804v1.143h9.143q0.714 0 1.214 0.5zM13.714 22h4.571v9.143q0 0.464-0.339 0.804t-0.804 0.339h-2.286q-0.464 0-0.804-0.339t-0.339-0.804v-9.143zM28.571 14q0.464 0 0.804 0.339t0.339 0.804v4.571q0 0.464-0.339 0.804t-0.804 0.339h-24q-0.714 0-1.214-0.5l-2.518-2.518q-0.179-0.179-0.179-0.411t0.179-0.411l2.518-2.518q0.5-0.5 1.214-0.5h9.143v-3.429h4.571v3.429h10.286z\"><\/path><\/svg><\/div><\/div>\n\t\t\t\t<div class=\"kswr-icon-bg kswr-icon-bg-r kswr-icon-r\" style=\"background:transparent;border:0px none transparent;--border-style-realbwidth:0px;\"><\/div>\n\t\t\t\t<div class=\"kswr-icon-bg kswr-icon-bg-h kswr-icon-h\" style=\"background:transparent;border:0px none transparent;--border-style-realbwidth:0px;\"><\/div>\n\t\t\t\t\n\t\t\t<\/div><\/div><div class=\"kswr-ibi-ct-leftright\"><div class=\"kswr-ibi-title-ct\"><div class=\"kswr-ibi-title kswr-shortcode-element\" data-fontsettings=\"font-size:22px;line-height:26px;\" style=\"font-size:22px;line-height:26px; font-family:Inherit;font-weight:700; color:#333333;margin-top:3px;margin-left:0px;margin-right:0px;margin-bottom:0px;\">ADDRESS<\/div><div class=\"kswr-ibi-subtitle kswr-shortcode-element\" data-fontsettings=\"font-size:17px;\" style=\"font-size:17px; font-family:Inherit;font-weight:300; color:#777777;margin-top:0px;margin-left:0px;margin-right:0px;margin-bottom:0px;\">Berislavi\u0107eva 21, Zagreb, Croatia<\/div><\/div><div class=\"kswr-ibi-bottom\"><div class=\"kswr-ibi-content kswr-shortcode-element\" data-fontsettings=\"font-size:15px;\" style=\"font-size:15px; font-family:Inherit;font-weight:inherit; color:#555555;margin-top:0px;margin-left:0px;margin-right:0px;margin-bottom:20px;\"><\/div><\/div><\/div><\/div><div class=\"kswr-ibi-container kswr-icon-thatc kswr-theelement\"  data-layout=\"iconleft\" data-icolayout=\"center\" data-hover=\"zoomin\" ><div class=\"kswr-ibi-icon-ct\" style=\"margin-top:0px;margin-left:0px;margin-right:0px;margin-bottom:0px;\"><div class=\"kswr-icon-container kswr-icon-thatc kswr-icon-thatc-ohr7wFmT\" data-hover-boxshadow=\"no\" data-rotation=\"false\" data-hover=\"zoomin\" style=\"--box-shadow-hover:unset;width:60px; height: 60px; line-height:60px;  border-radius: 0px; --hover-bg:transparent; \">\n\t\t\t\t<div class=\"kswr-icon-ic kswr-icon-ic-r kswr-icon-r\"><div class=\"kswr-icon-ic-svg\" style=\"width:45px; height:45px;\"><svg  viewBox=\"0 0 32 32\" fill=\"#c4d7e6\" style=\"color:#c4d7e6;\"><path d=\"M8.813 15.042q3 5.813 8.813 8.813l2.938-2.938q0.625-0.625 1.375-0.313 2.25 0.75 4.75 0.75 0.563 0 0.938 0.375t0.375 0.938v4.688q0 0.563-0.375 0.938t-0.938 0.375q-9.375 0-16.031-6.656t-6.656-16.031q0-0.563 0.375-0.938t0.938-0.375h4.688q0.563 0 0.938 0.375t0.375 0.938q0 2.5 0.75 4.75 0.25 0.813-0.313 1.375z\"><\/path><\/svg><\/div><\/div>\n\t\t\t\t<div class=\"kswr-icon-ic kswr-icon-ic-h kswr-icon-h\"><div class=\"kswr-icon-ic-svg\" style=\"width:45px; height:45px;\"><svg  viewBox=\"0 0 32 32\" fill=\"#8fa0af\" style=\"color:#8fa0af;\"><path d=\"M8.813 15.042q3 5.813 8.813 8.813l2.938-2.938q0.625-0.625 1.375-0.313 2.25 0.75 4.75 0.75 0.563 0 0.938 0.375t0.375 0.938v4.688q0 0.563-0.375 0.938t-0.938 0.375q-9.375 0-16.031-6.656t-6.656-16.031q0-0.563 0.375-0.938t0.938-0.375h4.688q0.563 0 0.938 0.375t0.375 0.938q0 2.5 0.75 4.75 0.25 0.813-0.313 1.375z\"><\/path><\/svg><\/div><\/div>\n\t\t\t\t<div class=\"kswr-icon-bg kswr-icon-bg-r kswr-icon-r\" style=\"background:transparent;border:0px none transparent;--border-style-realbwidth:0px;\"><\/div>\n\t\t\t\t<div class=\"kswr-icon-bg kswr-icon-bg-h kswr-icon-h\" style=\"background:transparent;border:0px none transparent;--border-style-realbwidth:0px;\"><\/div>\n\t\t\t\t\n\t\t\t<\/div><\/div><div class=\"kswr-ibi-ct-leftright\"><div class=\"kswr-ibi-title-ct\"><div class=\"kswr-ibi-title kswr-shortcode-element\" data-fontsettings=\"font-size:22px;line-height:26px;\" style=\"font-size:22px;line-height:26px; font-family:Inherit;font-weight:700; color:#333333;margin-top:3px;margin-left:0px;margin-right:0px;margin-bottom:0px;\">PHONE (HR <img src=\"https:\/\/centar2.com\/wp-content\/plugins\/sitepress-multilingual-cms\/res\/flags\/hr.png\" \/>)<\/div><div class=\"kswr-ibi-subtitle kswr-shortcode-element\" data-fontsettings=\"font-size:17px;\" style=\"font-size:17px; font-family:Inherit;font-weight:300; color:#777777;margin-top:0px;margin-left:0px;margin-right:0px;margin-bottom:0px;\">+385 98 95 75 492<\/div><\/div><div class=\"kswr-ibi-bottom\"><div class=\"kswr-ibi-content kswr-shortcode-element\" data-fontsettings=\"font-size:15px;\" style=\"font-size:15px; font-family:Inherit;font-weight:inherit; color:#555555;margin-top:0px;margin-left:0px;margin-right:0px;margin-bottom:20px;\"><\/div><\/div><\/div><\/div><div class=\"kswr-ibi-container kswr-icon-thatc kswr-theelement\"  data-layout=\"iconleft\" data-icolayout=\"center\" data-hover=\"zoomin\" ><div class=\"kswr-ibi-icon-ct\" style=\"margin-top:0px;margin-left:0px;margin-right:0px;margin-bottom:0px;\"><div class=\"kswr-icon-container kswr-icon-thatc kswr-icon-thatc-viTcheRZ\" data-hover-boxshadow=\"no\" data-rotation=\"false\" data-hover=\"zoomin\" style=\"--box-shadow-hover:unset;width:60px; height: 60px; line-height:60px;  border-radius: 0px; --hover-bg:transparent; \">\n\t\t\t\t<div class=\"kswr-icon-ic kswr-icon-ic-r kswr-icon-r\"><div class=\"kswr-icon-ic-svg\" style=\"width:45px; height:45px;\"><svg  viewBox=\"0 0 32 32\" fill=\"#c4d7e6\" style=\"color:#c4d7e6;\"><path d=\"M8.813 15.042q3 5.813 8.813 8.813l2.938-2.938q0.625-0.625 1.375-0.313 2.25 0.75 4.75 0.75 0.563 0 0.938 0.375t0.375 0.938v4.688q0 0.563-0.375 0.938t-0.938 0.375q-9.375 0-16.031-6.656t-6.656-16.031q0-0.563 0.375-0.938t0.938-0.375h4.688q0.563 0 0.938 0.375t0.375 0.938q0 2.5 0.75 4.75 0.25 0.813-0.313 1.375z\"><\/path><\/svg><\/div><\/div>\n\t\t\t\t<div class=\"kswr-icon-ic kswr-icon-ic-h kswr-icon-h\"><div class=\"kswr-icon-ic-svg\" style=\"width:45px; height:45px;\"><svg  viewBox=\"0 0 32 32\" fill=\"#8fa0af\" style=\"color:#8fa0af;\"><path d=\"M8.813 15.042q3 5.813 8.813 8.813l2.938-2.938q0.625-0.625 1.375-0.313 2.25 0.75 4.75 0.75 0.563 0 0.938 0.375t0.375 0.938v4.688q0 0.563-0.375 0.938t-0.938 0.375q-9.375 0-16.031-6.656t-6.656-16.031q0-0.563 0.375-0.938t0.938-0.375h4.688q0.563 0 0.938 0.375t0.375 0.938q0 2.5 0.75 4.75 0.25 0.813-0.313 1.375z\"><\/path><\/svg><\/div><\/div>\n\t\t\t\t<div class=\"kswr-icon-bg kswr-icon-bg-r kswr-icon-r\" style=\"background:transparent;border:0px none transparent;--border-style-realbwidth:0px;\"><\/div>\n\t\t\t\t<div class=\"kswr-icon-bg kswr-icon-bg-h kswr-icon-h\" style=\"background:transparent;border:0px none transparent;--border-style-realbwidth:0px;\"><\/div>\n\t\t\t\t\n\t\t\t<\/div><\/div><div class=\"kswr-ibi-ct-leftright\"><div class=\"kswr-ibi-title-ct\"><div class=\"kswr-ibi-title kswr-shortcode-element\" data-fontsettings=\"font-size:22px;line-height:26px;\" style=\"font-size:22px;line-height:26px; font-family:Inherit;font-weight:700; color:#333333;margin-top:3px;margin-left:0px;margin-right:0px;margin-bottom:0px;\">PHONE (EN <img src=\"https:\/\/centar2.com\/wp-content\/plugins\/sitepress-multilingual-cms\/res\/flags\/en.png\" \/>)<\/div><div class=\"kswr-ibi-subtitle kswr-shortcode-element\" data-fontsettings=\"font-size:17px;\" style=\"font-size:17px; font-family:Inherit;font-weight:300; color:#777777;margin-top:0px;margin-left:0px;margin-right:0px;margin-bottom:0px;\">+385 98 224 607<\/div><\/div><div class=\"kswr-ibi-bottom\"><div class=\"kswr-ibi-content kswr-shortcode-element\" data-fontsettings=\"font-size:15px;\" style=\"font-size:15px; font-family:Inherit;font-weight:inherit; color:#555555;margin-top:0px;margin-left:0px;margin-right:0px;margin-bottom:20px;\"><\/div><\/div><\/div><\/div><div class=\"kswr-ibi-container kswr-icon-thatc kswr-theelement\"  data-layout=\"iconleft\" data-icolayout=\"center\" data-hover=\"zoomin\" ><div class=\"kswr-ibi-icon-ct\" style=\"margin-top:0px;margin-left:0px;margin-right:0px;margin-bottom:0px;\"><div class=\"kswr-icon-container kswr-icon-thatc kswr-icon-thatc-OPc5ALW8\" data-hover-boxshadow=\"no\" data-rotation=\"false\" data-hover=\"zoomin\" style=\"--box-shadow-hover:unset;width:60px; height: 60px; line-height:60px;  border-radius: 0px; --hover-bg:transparent; \">\n\t\t\t\t<div class=\"kswr-icon-ic kswr-icon-ic-r kswr-icon-r\"><div class=\"kswr-icon-ic-svg\" style=\"width:45px; height:45px;\"><svg  viewBox=\"0 0 32 32\" fill=\"#c4d7e6\" style=\"color:#c4d7e6;\"><path d=\"M26.688 11.354v-2.688l-10.688 6.688-10.688-6.688v2.688l10.688 6.625zM26.688 5.979q1.063 0 1.844 0.813t0.781 1.875v16q0 1.063-0.781 1.875t-1.844 0.813h-21.375q-1.063 0-1.844-0.813t-0.781-1.875v-16q0-1.063 0.781-1.875t1.844-0.813h21.375z\"><\/path><\/svg><\/div><\/div>\n\t\t\t\t<div class=\"kswr-icon-ic kswr-icon-ic-h kswr-icon-h\"><div class=\"kswr-icon-ic-svg\" style=\"width:45px; height:45px;\"><svg  viewBox=\"0 0 32 32\" fill=\"#8fa0af\" style=\"color:#8fa0af;\"><path d=\"M26.688 11.354v-2.688l-10.688 6.688-10.688-6.688v2.688l10.688 6.625zM26.688 5.979q1.063 0 1.844 0.813t0.781 1.875v16q0 1.063-0.781 1.875t-1.844 0.813h-21.375q-1.063 0-1.844-0.813t-0.781-1.875v-16q0-1.063 0.781-1.875t1.844-0.813h21.375z\"><\/path><\/svg><\/div><\/div>\n\t\t\t\t<div class=\"kswr-icon-bg kswr-icon-bg-r kswr-icon-r\" style=\"background:transparent;border:0px none transparent;--border-style-realbwidth:0px;\"><\/div>\n\t\t\t\t<div class=\"kswr-icon-bg kswr-icon-bg-h kswr-icon-h\" style=\"background:transparent;border:0px none transparent;--border-style-realbwidth:0px;\"><\/div>\n\t\t\t\t\n\t\t\t<\/div><\/div><div class=\"kswr-ibi-ct-leftright\"><div class=\"kswr-ibi-title-ct\"><div class=\"kswr-ibi-title kswr-shortcode-element\" data-fontsettings=\"font-size:22px;line-height:26px;\" style=\"font-size:22px;line-height:26px; font-family:Inherit;font-weight:700; color:#333333;margin-top:3px;margin-left:0px;margin-right:0px;margin-bottom:0px;\">E-MAIL<\/div><div class=\"kswr-ibi-subtitle kswr-shortcode-element\" data-fontsettings=\"font-size:17px;\" style=\"font-size:17px; font-family:Inherit;font-weight:300; color:#777777;margin-top:0px;margin-left:0px;margin-right:0px;margin-bottom:0px;\">apartments.centar2@gmail.com<\/div><\/div><div class=\"kswr-ibi-bottom\"><div class=\"kswr-ibi-content kswr-shortcode-element\" data-fontsettings=\"font-size:15px;\" style=\"font-size:15px; font-family:Inherit;font-weight:inherit; color:#555555;margin-top:0px;margin-left:0px;margin-right:0px;margin-bottom:20px;\"><\/div><\/div><\/div><\/div>[\/vc_column_inner][\/vc_row_inner][vc_tta_accordion shape=&#8221;square&#8221; active_section=&#8221;568&#8243; collapsible_all=&#8221;true&#8221; css=&#8221;.vc_custom_1560863881519{padding-top: 0px !important;padding-right: 0px !important;padding-bottom: 0px !important;padding-left: 0px !important;}&#8221; el_id=&#8221;harmonika&#8221;][vc_tta_section title=&#8221;Impressum&#8221; tab_id=&#8221;impressum&#8221;][vc_column_text]<strong>Company name:<\/strong><br \/>\nNAJBOLJI SNOVI j.d.o.o. za usluge<br \/>\n<b>Abbreviated company name:<\/b><br \/>\nNAJBOLJI SNOVI j.d.o.o.<br \/>\n<b>OIB:<\/b> 50352626020<br \/>\n<b>Registered company address:<\/b><br \/>\nMarijane Radev 4, 10000 Zagreb, Hrvatska<br \/>\n<b>The court where the company is registered in the Court register:<\/b><br \/>\nTrgova\u010dki sud u Zagrebu<br \/>\n<b>The number under which it was entered in the Court register:<\/b><br \/>\nMBS: 081015291<br \/>\n<b>Bank account:<\/b><br \/>\nHR4623600001102524143<br \/>\nkod Zagreba\u010dka banka d.d., Zagreb, Trg bana Josipa Jela\u010di\u0107a 10.<br \/>\n<b>Board member: <\/b><br \/>\nSlavko Liovi\u0107<br \/>\n<b>Person authorised to represent:<\/b><br \/>\nInes Jalu\u0161i\u0107<br \/>\n<b>Share capital:<\/b><br \/>\n10,00 kn, paid in full[\/vc_column_text][\/vc_tta_section][\/vc_tta_accordion][vc_column_text]<\/p>\n<h4 style=\"text-align: center;\">We are at your disposal for any additional questions!<\/h4>\n<p>[\/vc_column_text][\/vc_column][vc_column width=&#8221;7\/12&#8243; css=&#8221;.vc_custom_1558713054266{padding-top: 120px !important;padding-left: 60px !important;}&#8221; el_class=&#8221;kontakt-okvir&#8221;][vc_row_inner css=&#8221;.vc_custom_1564581574055{margin-bottom: 35px !important;}&#8221;][vc_column_inner el_class=&#8221;kontakt_home&#8221;][vc_column_text]<\/p>\n<h5 style=\"text-align: center;\">Take tram number 6 from the main bus and railway stations<br \/>\n(Direction: Ban J. Jela\u010di\u0107 Square).<\/h5>\n<p>[\/vc_column_text][\/vc_column_inner][\/vc_row_inner][vc_row_inner css=&#8221;.vc_custom_1564581594651{margin-bottom: 35px !important;}&#8221;][vc_column_inner el_class=&#8221;kontakt_home&#8221;][vc_custom_heading text=&#8221;SEND US A MESSAGE&#8221; font_container=&#8221;tag:h4|text_align:center|color:%23950000&#8243; use_theme_fonts=&#8221;yes&#8221; css=&#8221;.vc_custom_1565603314365{margin-bottom: 30px !important;border-bottom-width: 0px !important;padding-bottom: 0px !important;}&#8221; el_class=&#8221;posnampor&#8221;]\n<div class=\"wpcf7 no-js\" id=\"wpcf7-f228-o1\" lang=\"en-US\" dir=\"ltr\">\n<div class=\"screen-reader-response\"><p role=\"status\" aria-live=\"polite\" aria-atomic=\"true\"><\/p> <ul><\/ul><\/div>\n<form action=\"\/en\/wp-json\/wp\/v2\/pages\/241#wpcf7-f228-o1\" method=\"post\" class=\"wpcf7-form init\" aria-label=\"Contact form\" novalidate=\"novalidate\" data-status=\"init\">\n<div style=\"display: none;\">\n<input type=\"hidden\" name=\"_wpcf7\" value=\"228\" \/>\n<input type=\"hidden\" name=\"_wpcf7_version\" value=\"5.7.7\" \/>\n<input type=\"hidden\" name=\"_wpcf7_locale\" value=\"en_US\" \/>\n<input type=\"hidden\" name=\"_wpcf7_unit_tag\" value=\"wpcf7-f228-o1\" \/>\n<input type=\"hidden\" name=\"_wpcf7_container_post\" value=\"0\" \/>\n<input type=\"hidden\" name=\"_wpcf7_posted_data_hash\" value=\"\" \/>\n<input type=\"hidden\" name=\"_wpcf7_recaptcha_response\" value=\"\" \/>\n<\/div>\n<div class=\"column one-second\">\n\t<p><span class=\"wpcf7-form-control-wrap\" data-name=\"your-name\"><input size=\"40\" class=\"wpcf7-form-control wpcf7-text wpcf7-validates-as-required\" aria-required=\"true\" aria-invalid=\"false\" placeholder=\"Your name and surname\" value=\"\" type=\"text\" name=\"your-name\" \/><\/span>\n\t<\/p>\n<\/div>\n<div class=\"column one-second\">\n\t<p><span class=\"wpcf7-form-control-wrap\" data-name=\"your-email\"><input size=\"40\" class=\"wpcf7-form-control wpcf7-text wpcf7-email wpcf7-validates-as-required wpcf7-validates-as-email\" aria-required=\"true\" aria-invalid=\"false\" placeholder=\"Your e-mail address\" value=\"\" type=\"email\" name=\"your-email\" \/><\/span>\n\t<\/p>\n<\/div>\n<div class=\"column one\">\n\t<p><span class=\"wpcf7-form-control-wrap\" data-name=\"your-phone\"><input size=\"40\" class=\"wpcf7-form-control wpcf7-text wpcf7-validates-as-required\" aria-required=\"true\" aria-invalid=\"false\" placeholder=\"Your phone number\" value=\"\" type=\"text\" name=\"your-phone\" \/><\/span>\n\t<\/p>\n<\/div>\n<div class=\"column one\">\n\t<p><span class=\"wpcf7-form-control-wrap\" data-name=\"your-message\"><textarea cols=\"40\" rows=\"5\" class=\"wpcf7-form-control wpcf7-textarea\" aria-invalid=\"false\" placeholder=\"Message\" name=\"your-message\"><\/textarea><\/span>\n\t<\/p>\n<\/div>\n<div class=\"column one\">\n\t<p><span class=\"wpcf7-form-control-wrap\" data-name=\"your-consent\"><span class=\"wpcf7-form-control wpcf7-acceptance\"><span class=\"wpcf7-list-item\"><label><input type=\"checkbox\" name=\"your-consent\" value=\"1\" aria-invalid=\"false\" \/><span class=\"wpcf7-list-item-label\">I accept the storage of my data so that Hostel Centar 2 can answer me for a query.<\/span><\/label><\/span><\/span><\/span>\n\t<\/p>\n<\/div>\n<div class=\"column one\">\n\t<p>You can read our Privacy statement <a href='https:\/\/centar2.com\/en\/privacy-statement\/'>here<\/a>. This site is protected by reCAPTCHA and the Google <a target=\"_blank\" href=\"https:\/\/policies.google.com\/privacy\">Privacy Policy<\/a> and <a target=\"_blank\" href=\"https:\/\/policies.google.com\/terms\">Terms of Service<\/a> apply.\n\t<\/p>\n<\/div>\n<div class=\"column one\">\n\t<p><input class=\"wpcf7-form-control has-spinner wpcf7-submit button_full_width\" type=\"submit\" value=\"Send\" \/>\n\t<\/p>\n<\/div><div class=\"wpcf7-response-output\" aria-hidden=\"true\"><\/div>\n<\/form>\n<\/div>\n[\/vc_column_inner][\/vc_row_inner][\/vc_column][\/vc_row]<\/p>\n<\/section>","protected":false},"excerpt":{"rendered":"<p>[vc_row full_width=&#8221;stretch_row_content_no_spaces&#8221; kswr_row_top_decor_enabled=&#8221;false&#8221; kswr_row_bottom_decor_enabled=&#8221;false&#8221; el_class=&#8221;donji&#8221; css=&#8221;.vc_custom_1689664328452{margin-top: 0px !important;margin-bottom: 0px !important;border-top-width: 0px !important;border-bottom-width: 0px !important;padding-top: 0px !important;padding-bottom: 0px !important;}&#8221;][vc_column css=&#8221;.vc_custom_1689664335282{margin-top: 0px !important;margin-bottom: 0px !important;border-top-width: 0px !important;border-bottom-width: 0px<span class=\"excerpt-hellip\"> [\u2026]<\/span><\/p>\n","protected":false},"author":1,"featured_media":0,"parent":0,"menu_order":0,"comment_status":"closed","ping_status":"closed","template":"","meta":[],"_links":{"self":[{"href":"https:\/\/centar2.com\/en\/wp-json\/wp\/v2\/pages\/241"}],"collection":[{"href":"https:\/\/centar2.com\/en\/wp-json\/wp\/v2\/pages"}],"about":[{"href":"https:\/\/centar2.com\/en\/wp-json\/wp\/v2\/types\/page"}],"author":[{"embeddable":true,"href":"https:\/\/centar2.com\/en\/wp-json\/wp\/v2\/users\/1"}],"replies":[{"embeddable":true,"href":"https:\/\/centar2.com\/en\/wp-json\/wp\/v2\/comments?post=241"}],"version-history":[{"count":10,"href":"https:\/\/centar2.com\/en\/wp-json\/wp\/v2\/pages\/241\/revisions"}],"predecessor-version":[{"id":387,"href":"https:\/\/centar2.com\/en\/wp-json\/wp\/v2\/pages\/241\/revisions\/387"}],"wp:attachment":[{"href":"https:\/\/centar2.com\/en\/wp-json\/wp\/v2\/media?parent=241"}],"curies":[{"name":"wp","href":"https:\/\/api.w.org\/{rel}","templated":true}]}}