{"id":263,"date":"2018-05-18T14:00:53","date_gmt":"2018-05-18T14:00:53","guid":{"rendered":"http:\/\/centar2.com\/pocetna\/"},"modified":"2023-07-18T06:33:01","modified_gmt":"2023-07-18T06:33:01","slug":"pocetna","status":"publish","type":"page","link":"https:\/\/centar2.com\/en\/","title":{"rendered":"Home"},"content":{"rendered":"<section class=\"wpb-content-wrapper\"><p>[vc_row full_width=&#8221;stretch_row&#8221; css=&#8221;.vc_custom_1564559067910{padding-top: 60px !important;padding-bottom: 90px !important;background-color: #f1f1f1 !important;}&#8221; kswr_row_top_decor_enabled=&#8221;false&#8221; kswr_row_bottom_decor_enabled=&#8221;false&#8221; el_class=&#8221;nemame-mob&#8221;][vc_column css_animation=&#8221;none&#8221; width=&#8221;1\/4&#8243;]<div class=\"aio-icon-component  vc_custom_1565605176879   style_2\"><div id=\"Info-box-wrap-7156\" class=\"aio-icon-box top-icon\" style=\"\"  ><div class=\"aio-icon-top\"><div class=\"ult-just-icon-wrapper  \"><div class=\"align-icon\" style=\"text-align:center;\">\n<div class=\"aio-icon-img \" style=\"font-size:60px;display:inline-block;\" >\n\t<img class=\"img-icon\" alt=\"null\" src=\"https:\/\/centar2.com\/wp-content\/uploads\/2019\/07\/booking.png\"\/>\n<\/div><\/div><\/div><\/div><div class=\"aio-icon-header\" ><h3 class=\"aio-icon-title ult-responsive\"  data-ultimate-target='#Info-box-wrap-7156 .aio-icon-title'  data-responsive-json-new='{\"font-size\":\"desktop:20px;\",\"line-height\":\"desktop:32px;\"}'  style=\"color:#000000;\">ONLINE BOOKING<\/h3><\/div> <!-- header --><div class=\"aio-icon-description ult-responsive\"  data-ultimate-target='#Info-box-wrap-7156 .aio-icon-description'  data-responsive-json-new='{\"font-size\":\"desktop:18px;\",\"line-height\":\"\"}'  style=\"color:#333333;\">Book directly online or by phone<\/div> <!-- description --><\/div> <!-- aio-icon-box --><\/div> <!-- aio-icon-component -->[\/vc_column][vc_column css_animation=&#8221;none&#8221; width=&#8221;1\/4&#8243;]<div class=\"aio-icon-component  vc_custom_1565605199533   style_2\"><div id=\"Info-box-wrap-8381\" class=\"aio-icon-box top-icon\" style=\"\"  ><div class=\"aio-icon-top\"><div class=\"ult-just-icon-wrapper  \"><div class=\"align-icon\" style=\"text-align:center;\">\n<div class=\"aio-icon-img \" style=\"font-size:60px;display:inline-block;\" >\n\t<img class=\"img-icon\" alt=\"null\" src=\"https:\/\/centar2.com\/wp-content\/uploads\/2019\/07\/rooms.png\"\/>\n<\/div><\/div><\/div><\/div><div class=\"aio-icon-header\" ><h3 class=\"aio-icon-title ult-responsive\"  data-ultimate-target='#Info-box-wrap-8381 .aio-icon-title'  data-responsive-json-new='{\"font-size\":\"desktop:20px;\",\"line-height\":\"desktop:32px;\"}'  style=\"color:#000000;\">MODERN ROOMS<\/h3><\/div> <!-- header --><div class=\"aio-icon-description ult-responsive\"  data-ultimate-target='#Info-box-wrap-8381 .aio-icon-description'  data-responsive-json-new='{\"font-size\":\"desktop:18px;\",\"line-height\":\"\"}'  style=\"color:#333333;\">Modernly decorated rooms renovated in 2018<\/div> <!-- description --><\/div> <!-- aio-icon-box --><\/div> <!-- aio-icon-component -->[\/vc_column][vc_column css_animation=&#8221;none&#8221; width=&#8221;1\/4&#8243;]<div class=\"aio-icon-component  vc_custom_1565605220124   style_2\"><div id=\"Info-box-wrap-5597\" class=\"aio-icon-box top-icon\" style=\"\"  ><div class=\"aio-icon-top\"><div class=\"ult-just-icon-wrapper  \"><div class=\"align-icon\" style=\"text-align:center;\">\n<div class=\"aio-icon-img \" style=\"font-size:60px;display:inline-block;\" >\n\t<img class=\"img-icon\" alt=\"null\" src=\"https:\/\/centar2.com\/wp-content\/uploads\/2019\/07\/location.png\"\/>\n<\/div><\/div><\/div><\/div><div class=\"aio-icon-header\" ><h3 class=\"aio-icon-title ult-responsive\"  data-ultimate-target='#Info-box-wrap-5597 .aio-icon-title'  data-responsive-json-new='{\"font-size\":\"desktop:20px;\",\"line-height\":\"desktop:32px;\"}'  style=\"color:#000000;\">CITY CENTRE<\/h3><\/div> <!-- header --><div class=\"aio-icon-description ult-responsive\"  data-ultimate-target='#Info-box-wrap-5597 .aio-icon-description'  data-responsive-json-new='{\"font-size\":\"desktop:18px;\",\"line-height\":\"\"}'  style=\"color:#333333;\">Strict city center, just 200 m from the central square<\/div> <!-- description --><\/div> <!-- aio-icon-box --><\/div> <!-- aio-icon-component -->[\/vc_column][vc_column css_animation=&#8221;none&#8221; width=&#8221;1\/4&#8243;]<div class=\"aio-icon-component  vc_custom_1565605263664   style_2\"><div id=\"Info-box-wrap-5209\" class=\"aio-icon-box top-icon\" style=\"\"  ><div class=\"aio-icon-top\"><div class=\"ult-just-icon-wrapper  \"><div class=\"align-icon\" style=\"text-align:center;\">\n<div class=\"aio-icon-img \" style=\"font-size:60px;display:inline-block;\" >\n\t<img class=\"img-icon\" alt=\"null\" src=\"https:\/\/centar2.com\/wp-content\/uploads\/2019\/07\/prices.png\"\/>\n<\/div><\/div><\/div><\/div><div class=\"aio-icon-header\" ><h3 class=\"aio-icon-title ult-responsive\"  data-ultimate-target='#Info-box-wrap-5209 .aio-icon-title'  data-responsive-json-new='{\"font-size\":\"desktop:20px;\",\"line-height\":\"desktop:32px;\"}'  style=\"color:#000000;\">BEST PRICES<\/h3><\/div> <!-- header --><div class=\"aio-icon-description ult-responsive\"  data-ultimate-target='#Info-box-wrap-5209 .aio-icon-description'  data-responsive-json-new='{\"font-size\":\"desktop:18px;\",\"line-height\":\"\"}'  style=\"color:#333333;\">The property offers the best value for money<\/div> <!-- description --><\/div> <!-- aio-icon-box --><\/div> <!-- aio-icon-component -->[\/vc_column][\/vc_row][vc_row content_placement=&#8221;middle&#8221; kswr_row_top_decor_enabled=&#8221;false&#8221; kswr_row_bottom_decor_enabled=&#8221;false&#8221;][vc_column width=&#8221;1\/2&#8243;]<div id=\"ultimate-heading-11176a007218b6e2a\" class=\"uvc-heading ult-adjust-bottom-margin ultimate-heading-11176a007218b6e2a uvc-4894 \" data-hspacer=\"line_only\"  data-halign=\"left\" style=\"text-align:left\"><div class=\"uvc-main-heading ult-responsive\"  data-ultimate-target='.uvc-heading.ultimate-heading-11176a007218b6e2a h2'  data-responsive-json-new='{\"font-size\":\"\",\"line-height\":\"\"}' ><h2 style=\"font-weight:bold;\">PERFECT PLACE TO RELAX<\/h2><\/div><div class=\"uvc-heading-spacer line_only\" style=\"margin-top:10px;margin-bottom:10px;height:4px;\"><span class=\"uvc-headings-line\" style=\"border-style:solid;border-bottom-width:4px;border-color:#950000;width:60px;\"><\/span><\/div><\/div>[vc_column_text]<\/p>\n<h5>Guesthouse Centar 2 is located in the center of Zagreb (Berislavi\u0107eva 21). The object is only 200 meters away from the central square &#8211; Jela\u010di\u0107 Square.<\/h5>\n<h5>It is close to the railway station (500 meters) and the bus station (1 km) and its great location gives the guests a great and speed connection and ease of accommodation.<\/h5>\n<p style=\"text-align: center;\"><a class=\"mfn-link mfn-link-8 \" href=\"http:\/\/centar2.com\/en\/about-us\" data-hover=\"More information\" ontouchstart=\"this.classList.toggle('hover');\"  ><span data-hover=\"More information\">More information<\/span><\/a><\/p>\n<p>[\/vc_column_text][\/vc_column][vc_column width=&#8221;1\/2&#8243;]<div class=\"km-hover-image-container km-masonry-item km-masonry-item-hidden km-filteri-item km-element-box-shadow \" data-style=\"style4\" data-boxshadow=\"off\" data-boxshadow-hover=\"on\" data-boxshadow-style=\"style1\" style=\"--box-shadow-color:rgba(0,0,0,0.5); color:rgba(0,0,0,0.5); border:0px solid ;margin-top:20px;margin-bottom:50px;\" data-overlay=\"on\" data-button=\"on\" data-info=\"off\" data-info-subtitle=\"on\" >\n\t\t\t<div class=\"km-hover-image\">\n\t\t\t\t<img  src=\"https:\/\/centar2.com\/wp-content\/uploads\/2019\/07\/dvokrevetna-soba-double-bed.jpg\" >\n\t\t\t\t<div class=\"km-hover-image-overlay\" style=\"background:rgba(0,0,0,0.5);\"><\/div>\n\t\t\t\t<div class=\"km-hover-image-button kswr-shortcode-element\" data-fontsettings=\"font-size:36px;line-height:50px;\" style=\"height:32px; line-height:32px; color:#ffffff; background:;font-size:36px;line-height:50px; font-family:Inherit;font-weight:700;\">DOUBLE ROOM | DOUBLE BED<\/div>\n\t\t\t<\/div>\n\t\t\t<div class=\"km-hover-image-info\" data-align=\"center\" style=\"color:#333; background:#ffffff; \">\n\t\t\t\t<div class=\"km-hover-image-title kswr-shortcode-element\" data-fontsettings=\"\" style=\" \">My title<\/div>\n\t\t\t\t<div class=\"km-hover-image-subtitle kswr-shortcode-element\" data-fontsettings=\"\" style=\"color:#777; \">My Subtitle<\/div>\n\t\t\t<\/div>\n\t\t\t\t<a href=\"http:\/\/centar2.com\/en\/photo-gallery\/\" target=\"\"><\/a>\n\t\t<\/div>[\/vc_column][\/vc_row][vc_row][vc_column width=&#8221;1\/2&#8243;]<div class=\"km-hover-image-container km-masonry-item km-masonry-item-hidden km-filteri-item km-element-box-shadow \" data-style=\"style4\" data-boxshadow=\"off\" data-boxshadow-hover=\"on\" data-boxshadow-style=\"style1\" style=\"--box-shadow-color:rgba(0,0,0,0.5); color:rgba(0,0,0,0.5); border:0px solid ;margin-top:20px;margin-bottom:50px;\" data-overlay=\"on\" data-button=\"on\" data-info=\"off\" data-info-subtitle=\"on\" >\n\t\t\t<div class=\"km-hover-image\">\n\t\t\t\t<img  src=\"https:\/\/centar2.com\/wp-content\/uploads\/2019\/07\/dvokrevetna-soba-twin-bed.jpg\" >\n\t\t\t\t<div class=\"km-hover-image-overlay\" style=\"background:rgba(0,0,0,0.5);\"><\/div>\n\t\t\t\t<div class=\"km-hover-image-button kswr-shortcode-element\" data-fontsettings=\"font-size:36px;line-height:50px;\" style=\"height:32px; line-height:32px; color:#ffffff; background:;font-size:36px;line-height:50px; font-family:Inherit;font-weight:700;\">TWIN ROOM | TWIN BED<\/div>\n\t\t\t<\/div>\n\t\t\t<div class=\"km-hover-image-info\" data-align=\"center\" style=\"color:#333; background:#ffffff; \">\n\t\t\t\t<div class=\"km-hover-image-title kswr-shortcode-element\" data-fontsettings=\"\" style=\" \">My title<\/div>\n\t\t\t\t<div class=\"km-hover-image-subtitle kswr-shortcode-element\" data-fontsettings=\"\" style=\"color:#777; \">My Subtitle<\/div>\n\t\t\t<\/div>\n\t\t\t\t<a href=\"http:\/\/centar2.com\/en\/photo-gallery\/\" target=\"\"><\/a>\n\t\t<\/div>[\/vc_column][vc_column width=&#8221;1\/2&#8243;]<div class=\"km-hover-image-container km-masonry-item km-masonry-item-hidden km-filteri-item km-element-box-shadow \" data-style=\"style4\" data-boxshadow=\"off\" data-boxshadow-hover=\"on\" data-boxshadow-style=\"style1\" style=\"--box-shadow-color:rgba(0,0,0,0.5); color:rgba(0,0,0,0.5); border:0px solid ;margin-top:20px;margin-bottom:50px;\" data-overlay=\"on\" data-button=\"on\" data-info=\"off\" data-info-subtitle=\"on\" >\n\t\t\t<div class=\"km-hover-image\">\n\t\t\t\t<img  src=\"https:\/\/centar2.com\/wp-content\/uploads\/2023\/07\/trokrevetna-soba-2023.jpg\" >\n\t\t\t\t<div class=\"km-hover-image-overlay\" style=\"background:rgba(0,0,0,0.5);\"><\/div>\n\t\t\t\t<div class=\"km-hover-image-button kswr-shortcode-element\" data-fontsettings=\"font-size:36px;line-height:50px;\" style=\"height:32px; line-height:32px; color:#ffffff; background:;font-size:36px;line-height:50px; font-family:Inherit;font-weight:700;\">TRIPLE ROOM<\/div>\n\t\t\t<\/div>\n\t\t\t<div class=\"km-hover-image-info\" data-align=\"center\" style=\"color:#333; background:#ffffff; \">\n\t\t\t\t<div class=\"km-hover-image-title kswr-shortcode-element\" data-fontsettings=\"\" style=\" \">My title<\/div>\n\t\t\t\t<div class=\"km-hover-image-subtitle kswr-shortcode-element\" data-fontsettings=\"\" style=\"color:#777; \">My Subtitle<\/div>\n\t\t\t<\/div>\n\t\t\t\t<a href=\"http:\/\/centar2.com\/en\/photo-gallery\/\" target=\"\"><\/a>\n\t\t<\/div>[\/vc_column][\/vc_row][vc_row css=&#8221;.vc_custom_1564566720747{margin-bottom: 70px !important;}&#8221; kswr_row_top_decor_enabled=&#8221;false&#8221; kswr_row_bottom_decor_enabled=&#8221;false&#8221;][vc_column width=&#8221;1\/2&#8243;]<div class=\"km-hover-image-container km-masonry-item km-masonry-item-hidden km-filteri-item km-element-box-shadow \" data-style=\"style4\" data-boxshadow=\"off\" data-boxshadow-hover=\"on\" data-boxshadow-style=\"style1\" style=\"--box-shadow-color:rgba(0,0,0,0.5); color:rgba(0,0,0,0.5); border:0px solid ;margin-top:20px;margin-bottom:50px;\" data-overlay=\"on\" data-button=\"on\" data-info=\"off\" data-info-subtitle=\"on\" >\n\t\t\t<div class=\"km-hover-image\">\n\t\t\t\t<img  src=\"https:\/\/centar2.com\/wp-content\/uploads\/2019\/07\/jednokrevetna-soba.jpg\" >\n\t\t\t\t<div class=\"km-hover-image-overlay\" style=\"background:rgba(0,0,0,0.5);\"><\/div>\n\t\t\t\t<div class=\"km-hover-image-button kswr-shortcode-element\" data-fontsettings=\"font-size:36px;line-height:50px;\" style=\"height:32px; line-height:32px; color:#ffffff; background:;font-size:36px;line-height:50px; font-family:Inherit;font-weight:700;\">SINGLE ROOM<\/div>\n\t\t\t<\/div>\n\t\t\t<div class=\"km-hover-image-info\" data-align=\"center\" style=\"color:#333; background:#ffffff; \">\n\t\t\t\t<div class=\"km-hover-image-title kswr-shortcode-element\" data-fontsettings=\"\" style=\" \">My title<\/div>\n\t\t\t\t<div class=\"km-hover-image-subtitle kswr-shortcode-element\" data-fontsettings=\"\" style=\"color:#777; \">My Subtitle<\/div>\n\t\t\t<\/div>\n\t\t\t\t<a href=\"http:\/\/centar2.com\/en\/photo-gallery\/\" target=\"\"><\/a>\n\t\t<\/div>[\/vc_column][vc_column width=&#8221;1\/2&#8243;]<div class=\"km-hover-image-container km-masonry-item km-masonry-item-hidden km-filteri-item km-element-box-shadow \" data-style=\"style4\" data-boxshadow=\"off\" data-boxshadow-hover=\"on\" data-boxshadow-style=\"style1\" style=\"--box-shadow-color:rgba(0,0,0,0.5); color:rgba(0,0,0,0.5); border:0px solid ;margin-top:20px;margin-bottom:50px;\" data-overlay=\"on\" data-button=\"on\" data-info=\"off\" data-info-subtitle=\"on\" >\n\t\t\t<div class=\"km-hover-image\">\n\t\t\t\t<img  src=\"https:\/\/centar2.com\/wp-content\/uploads\/2019\/07\/kuhinja.jpg\" >\n\t\t\t\t<div class=\"km-hover-image-overlay\" style=\"background:rgba(0,0,0,0.5);\"><\/div>\n\t\t\t\t<div class=\"km-hover-image-button kswr-shortcode-element\" data-fontsettings=\"font-size:36px;line-height:50px;\" style=\"height:32px; line-height:32px; color:#ffffff; background:;font-size:36px;line-height:50px; font-family:Inherit;font-weight:700;\">KITCHEN<\/div>\n\t\t\t<\/div>\n\t\t\t<div class=\"km-hover-image-info\" data-align=\"center\" style=\"color:#333; background:#ffffff; \">\n\t\t\t\t<div class=\"km-hover-image-title kswr-shortcode-element\" data-fontsettings=\"\" style=\" \">My title<\/div>\n\t\t\t\t<div class=\"km-hover-image-subtitle kswr-shortcode-element\" data-fontsettings=\"\" style=\"color:#777; \">My Subtitle<\/div>\n\t\t\t<\/div>\n\t\t\t\t<a href=\"http:\/\/centar2.com\/en\/photo-gallery\/\" target=\"\"><\/a>\n\t\t<\/div>[\/vc_column][\/vc_row]<\/p>\n<\/section>","protected":false},"excerpt":{"rendered":"<p>[vc_row full_width=&#8221;stretch_row&#8221; css=&#8221;.vc_custom_1564559067910{padding-top: 60px !important;padding-bottom: 90px !important;background-color: #f1f1f1 !important;}&#8221; kswr_row_top_decor_enabled=&#8221;false&#8221; kswr_row_bottom_decor_enabled=&#8221;false&#8221; el_class=&#8221;nemame-mob&#8221;][vc_column css_animation=&#8221;none&#8221; width=&#8221;1\/4&#8243;][\/vc_column][vc_column css_animation=&#8221;none&#8221; width=&#8221;1\/4&#8243;][\/vc_column][vc_column css_animation=&#8221;none&#8221; width=&#8221;1\/4&#8243;][\/vc_column][vc_column css_animation=&#8221;none&#8221; width=&#8221;1\/4&#8243;][\/vc_column][\/vc_row][vc_row content_placement=&#8221;middle&#8221; kswr_row_top_decor_enabled=&#8221;false&#8221; kswr_row_bottom_decor_enabled=&#8221;false&#8221;][vc_column width=&#8221;1\/2&#8243;][vc_column_text] Guesthouse Centar<span class=\"excerpt-hellip\"> [\u2026]<\/span><\/p>\n","protected":false},"author":1,"featured_media":0,"parent":0,"menu_order":0,"comment_status":"closed","ping_status":"closed","template":"","meta":[],"_links":{"self":[{"href":"https:\/\/centar2.com\/en\/wp-json\/wp\/v2\/pages\/263"}],"collection":[{"href":"https:\/\/centar2.com\/en\/wp-json\/wp\/v2\/pages"}],"about":[{"href":"https:\/\/centar2.com\/en\/wp-json\/wp\/v2\/types\/page"}],"author":[{"embeddable":true,"href":"https:\/\/centar2.com\/en\/wp-json\/wp\/v2\/users\/1"}],"replies":[{"embeddable":true,"href":"https:\/\/centar2.com\/en\/wp-json\/wp\/v2\/comments?post=263"}],"version-history":[{"count":5,"href":"https:\/\/centar2.com\/en\/wp-json\/wp\/v2\/pages\/263\/revisions"}],"predecessor-version":[{"id":352,"href":"https:\/\/centar2.com\/en\/wp-json\/wp\/v2\/pages\/263\/revisions\/352"}],"wp:attachment":[{"href":"https:\/\/centar2.com\/en\/wp-json\/wp\/v2\/media?parent=263"}],"curies":[{"name":"wp","href":"https:\/\/api.w.org\/{rel}","templated":true}]}}